{"id":3,"date":"2023-12-28T15:29:43","date_gmt":"2023-12-28T14:29:43","guid":{"rendered":"https:\/\/www.thetracker.me\/?page_id=3"},"modified":"2025-02-23T15:49:53","modified_gmt":"2025-02-23T14:49:53","slug":"privacy-policy","status":"publish","type":"page","link":"https:\/\/www.thetracker.me\/?page_id=3","title":{"rendered":"privacy policy"},"content":{"rendered":"<p>[et_pb_section fb_built=\u00a0\u00bb1&Prime; admin_label=\u00a0\u00bbHero\u00a0\u00bb _builder_version=\u00a0\u00bb4.27.0&Prime; background_color=\u00a0\u00bb#fed372&Prime; background_image=\u00a0\u00bbhttps:\/\/www.thetracker.me\/wp-content\/uploads\/2025\/01\/circle-background-pattern.png\u00a0\u00bb custom_padding=\u00a0\u00bb67px|0px|67.1875px|0px|false|false\u00a0\u00bb animation_style=\u00a0\u00bbzoom\u00a0\u00bb animation_intensity_zoom=\u00a0\u00bb4%\u00a0\u00bb hover_enabled=\u00a0\u00bb0&Prime; global_colors_info=\u00a0\u00bb{}\u00a0\u00bb theme_builder_area=\u00a0\u00bbpost_content\u00a0\u00bb sticky_enabled=\u00a0\u00bb0&Prime;][et_pb_row _builder_version=\u00a0\u00bb4.16&Prime; custom_padding=\u00a0\u00bb|||\u00a0\u00bb animation_style=\u00a0\u00bbslide\u00a0\u00bb animation_direction=\u00a0\u00bbtop\u00a0\u00bb animation_intensity_slide=\u00a0\u00bb3%\u00a0\u00bb global_colors_info=\u00a0\u00bb{}\u00a0\u00bb theme_builder_area=\u00a0\u00bbpost_content\u00a0\u00bb][et_pb_column type=\u00a0\u00bb4_4&Prime; _builder_version=\u00a0\u00bb4.16&Prime; custom_padding=\u00a0\u00bb|||\u00a0\u00bb global_colors_info=\u00a0\u00bb{}\u00a0\u00bb custom_padding__hover=\u00a0\u00bb|||\u00a0\u00bb theme_builder_area=\u00a0\u00bbpost_content\u00a0\u00bb][et_pb_text _builder_version=\u00a0\u00bb4.27.0&Prime; text_font=\u00a0\u00bb||||||||\u00a0\u00bb header_font=\u00a0\u00bbMontserrat|700||on|||||\u00a0\u00bb header_text_color=\u00a0\u00bb#f7f7f7&Prime; header_font_size=\u00a0\u00bb60px\u00a0\u00bb header_line_height=\u00a0\u00bb1.3em\u00a0\u00bb custom_margin=\u00a0\u00bb|||\u00a0\u00bb animation_style=\u00a0\u00bbfade\u00a0\u00bb hover_enabled=\u00a0\u00bb0&Prime; header_font_size_last_edited=\u00a0\u00bboff|desktop\u00a0\u00bb locked=\u00a0\u00bboff\u00a0\u00bb global_colors_info=\u00a0\u00bb{}\u00a0\u00bb theme_builder_area=\u00a0\u00bbpost_content\u00a0\u00bb sticky_enabled=\u00a0\u00bb0&Prime;]<\/p>\n<h1><span style=\"color: #353740;\">Privacy policy<\/span><\/h1>\n<p>[\/et_pb_text][et_pb_button button_url=\u00a0\u00bbhttps:\/\/www.thetracker.me\/#contact\u00a0\u00bb button_text=\u00a0\u00bbcontact us\u00a0\u00bb _builder_version=\u00a0\u00bb4.27.0&Prime; button_text_color=\u00a0\u00bb#ffffff\u00a0\u00bb button_border_width=\u00a0\u00bb4px\u00a0\u00bb button_border_color=\u00a0\u00bb#ffffff\u00a0\u00bb button_border_radius=\u00a0\u00bb100px\u00a0\u00bb button_letter_spacing=\u00a0\u00bb2px\u00a0\u00bb button_font=\u00a0\u00bbMontserrat|on||on|\u00a0\u00bb button_icon=\u00a0\u00bb&#x45;||divi||400&Prime; animation_style=\u00a0\u00bbfade\u00a0\u00bb hover_enabled=\u00a0\u00bb0&Prime; button_text_color_hover=\u00a0\u00bb#ffffff\u00a0\u00bb button_border_color_hover=\u00a0\u00bb#ffffff\u00a0\u00bb button_letter_spacing_hover=\u00a0\u00bb2px\u00a0\u00bb button_bg_color_hover=\u00a0\u00bbrgba(0,0,0,0)\u00a0\u00bb locked=\u00a0\u00bboff\u00a0\u00bb global_colors_info=\u00a0\u00bb{}\u00a0\u00bb button_text_size__hover_enabled=\u00a0\u00bboff\u00a0\u00bb button_one_text_size__hover_enabled=\u00a0\u00bboff\u00a0\u00bb button_two_text_size__hover_enabled=\u00a0\u00bboff\u00a0\u00bb button_text_color__hover_enabled=\u00a0\u00bbon\u00a0\u00bb button_text_color__hover=\u00a0\u00bb#ffffff\u00a0\u00bb button_one_text_color__hover_enabled=\u00a0\u00bboff\u00a0\u00bb button_two_text_color__hover_enabled=\u00a0\u00bboff\u00a0\u00bb button_border_width__hover_enabled=\u00a0\u00bboff\u00a0\u00bb button_one_border_width__hover_enabled=\u00a0\u00bboff\u00a0\u00bb button_two_border_width__hover_enabled=\u00a0\u00bboff\u00a0\u00bb button_border_color__hover_enabled=\u00a0\u00bbon\u00a0\u00bb button_border_color__hover=\u00a0\u00bb#ffffff\u00a0\u00bb button_one_border_color__hover_enabled=\u00a0\u00bboff\u00a0\u00bb button_two_border_color__hover_enabled=\u00a0\u00bboff\u00a0\u00bb button_border_radius__hover_enabled=\u00a0\u00bboff\u00a0\u00bb button_one_border_radius__hover_enabled=\u00a0\u00bboff\u00a0\u00bb button_two_border_radius__hover_enabled=\u00a0\u00bboff\u00a0\u00bb button_letter_spacing__hover_enabled=\u00a0\u00bbon\u00a0\u00bb button_letter_spacing__hover=\u00a0\u00bb2px\u00a0\u00bb button_one_letter_spacing__hover_enabled=\u00a0\u00bboff\u00a0\u00bb button_two_letter_spacing__hover_enabled=\u00a0\u00bboff\u00a0\u00bb button_bg_color__hover_enabled=\u00a0\u00bbon\u00a0\u00bb button_bg_color__hover=\u00a0\u00bbrgba(0,0,0,0)\u00a0\u00bb button_one_bg_color__hover_enabled=\u00a0\u00bboff\u00a0\u00bb button_two_bg_color__hover_enabled=\u00a0\u00bboff\u00a0\u00bb theme_builder_area=\u00a0\u00bbpost_content\u00a0\u00bb sticky_enabled=\u00a0\u00bb0&Prime;][\/et_pb_button][\/et_pb_column][\/et_pb_row][\/et_pb_section][et_pb_section fb_built=\u00a0\u00bb1&Prime; admin_label=\u00a0\u00bbCreative Process Section\u00a0\u00bb _builder_version=\u00a0\u00bb4.16&Prime; custom_padding=\u00a0\u00bb60px||44px|||\u00a0\u00bb global_colors_info=\u00a0\u00bb{}\u00a0\u00bb theme_builder_area=\u00a0\u00bbpost_content\u00a0\u00bb][et_pb_row _builder_version=\u00a0\u00bb4.27.0&Prime; _module_preset=\u00a0\u00bbdefault\u00a0\u00bb theme_builder_area=\u00a0\u00bbpost_content\u00a0\u00bb][et_pb_column _builder_version=\u00a0\u00bb4.27.0&Prime; _module_preset=\u00a0\u00bbdefault\u00a0\u00bb type=\u00a0\u00bb4_4&Prime; theme_builder_area=\u00a0\u00bbpost_content\u00a0\u00bb][et_pb_text _builder_version=\u00a0\u00bb4.27.0&Prime; _module_preset=\u00a0\u00bbdefault\u00a0\u00bb theme_builder_area=\u00a0\u00bbpost_content\u00a0\u00bb hover_enabled=\u00a0\u00bb0&Prime; sticky_enabled=\u00a0\u00bb0&Prime;]<\/p>\n<div class=\"et_pb_module et_pb_text et_pb_text_1  et_pb_text_align_left et_pb_bg_layout_light\">\n<div class=\"et_pb_text_inner\">\n<p><strong>Tocndix has set up this Privacy Policy to outline our policies and procedures of the collection, use, and disclosure of website visitor information. Please read the following statement to know more about our Privacy Policy, and the way we treat the information collected from our visitors and users.<\/strong><\/p>\n<p>The confidentiality and privacy of the visitor information are a top priority for Tocndix. This Privacy Policy applies to all visitors and users of this website and all services offered through our website. Please read this policy attentively. If you have additional questions or require more information about our Privacy Policy, do not hesitate to contact us through email at<u>privacy[at]tocndix.com<\/u>.<\/p>\n<p>Our privacy policy is in accordance with GDPR (Regulation (EU) 2016\/679) policies and explains how we process information and the nature of the relationship between us, Tocndix, as a business entity, and you the user, as a visitor of our website.<\/p>\n<p>Tocndix owns and manages Tocndix.com the website for which this privacy policy applies. This privacy policy also applies to our subdomains, unless their own privacy policy mentions otherwise.<\/p>\n<p>ATTENTION: PLEASE READ THIS STATEMENT CAREFULLY BEFORE USING THIS WEBSITE. USING THIS WEBSITE INDICATES THAT YOU ACCEPT THESE TERMS. IF YOU DO NOT ACCEPT THESE TERMS, DO NOT USE THIS WEBSITE.<\/p>\n<p>Data we collect and for what purpose Data protection is of a particularly high priority for Tocndix.<\/p>\n<p>&nbsp;<\/p>\n<h3>1. Website Visitors Usage Data<\/h3>\n<p>For each visit on Tocndix.com we collect certain non-Personally Identifiable Information, such as your browser type, cookie information, domain name, your geographic location, pages viewed and the number of times our website has been viewed.<\/p>\n<p>We collect this data so that we can trace the computer used in cases of misuse or unlawful actions in connection with visits to or use of our website. We also collect information about your use of the website using third party tools such as Google Analytics, but only to improve our website, user experience, and our services. We do not use this information to identify our visitors, and we delete it after 90 days.<\/p>\n<p>We also collect information about your use of the website using third party tools such as Google Analytics, but only to improve our website, user experience, and our services. All data is anonymized in such a way that there is no personal identification. Each provider is subjected to its own privacy policy: Google Analytics<\/p>\n<p>You may also voluntarily give us your other non-Personally Identifiable Information, such as your affiliated companies. Unless otherwise required by law, all non-Personally Identifiable Information is not used to identify you personally and is only used by Tocndix to improve the content and functionality of our website.<\/p>\n<p>&nbsp;<\/p>\n<h3>2.<span>\u00a0<\/span><strong>Contact form data<\/strong><\/h3>\n<p>For questions of any kind, we offer you the opportunity to contact us via a form provided on the website. It is necessary to provide a valid e-mail address so that we know who the request came from and to answer it. Further information can be provided voluntarily.<\/p>\n<p>The data processing for the purpose of contacting us is in accordance with Art. 6 para. 1 p. 1 lit. a GDPR based on your voluntarily granted consent The personal data collected by us for the use of the contact form will be automatically deleted after completion of the request made by you.<\/p>\n<p>If you are a resident of the European Economic Area (EEA), you have certain data protection rights:<\/p>\n<ul>\n<li>The right to access, update or to delete the information we have on you:<\/li>\n<li>The right of rectification;<\/li>\n<li>The right to object;<\/li>\n<li>The right of restriction;<\/li>\n<li>The right to data portability;<\/li>\n<li>The right to withdraw consent.<\/li>\n<\/ul>\n<p>If you want to appeal to one of the rights above, you can send us an email at<u>privacy[at]tocndix.com[at]<\/u><span>\u00a0<\/span>and we will inform you of the actions taken within 7 days.<\/p>\n<p>&nbsp;<\/p>\n<h3><strong>3. Log Files<\/strong><\/h3>\n<p>Tocndix follows a standard procedure of using log files. These files log visitors when they visit websites. All hosting companies do this and a part of hosting services\u2019 analytics. The information collected by log files include internet protocol (IP) addresses, browser type, Internet Service Provider (ISP), date and time stamp, referring\/exit pages, and possibly the number of clicks. These are not linked to any information that is personally identifiable. The purpose of the information is for analyzing trends, administering the site, tracking users\u2019 movement on the website, and gathering demographic information.<\/p>\n<p>&nbsp;<\/p>\n<h3><strong>4. Cookies<\/strong><\/h3>\n<p>Like any others website, we use a standard technology called a \u201ccookie\u201d to collect information about how you use and interact with our websites. Cookies reside on your computer and help a website recognize your computer\u2019s or mobile device\u2019s browser as a previous visitor to build up a profile of how you and other users use the website. If you do not want information to be collected through the use of cookies, you should be able to modify your browser preference to disable cookies.<\/p>\n<p>Visitors that access Tocndix and do not want cookies stored on their computers should set their browsers to refuse cookies before using our or any other website.<\/p>\n<p>Most of the websites cannot provide you with their services properly with the \u201ccookies blocked\u201d option. If you block cookies, you will not be able to use all the features on our website.<\/p>\n<p>&nbsp;<\/p>\n<h3>5. Personally Identifiable Information<\/h3>\n<p>You have the right to be informed about any personal information processed about you, the right to rectification, erasure and restriction of processing. To this purpose you have the right to request a copy, modification or deletion of any personal information Tocndix stores about you.<\/p>\n<p>Please be advised that we may not identify you as a user without a valid email address.<\/p>\n<p>For this please contact us at<span>\u00a0<\/span><u>privacy[at]tocndix.com<\/u><span>\u00a0<\/span>with any queries.<\/p>\n<p>&nbsp;<\/p>\n<h3><strong>6. Analytics<\/strong><\/h3>\n<p>If you do not want to be tracked by Google Analytics across all websites, not just Tocndix, please visit<span>\u00a0<\/span><a href=\"http:\/\/tools.google.com\/dlpage\/gaoptout\">http:\/\/tools.google.com\/dlpage\/gaoptout<\/a>.<\/p>\n<p>&nbsp;<\/p>\n<h3>7. Cookies<\/h3>\n<p>You can control the usage of cookies in your browser. Users can find information about how to manage Cookies in their browser at the following addresses:<\/p>\n<ul>\n<li>Google Chrome<\/li>\n<li>Mozilla Firefox<\/li>\n<li>Apple Safari<\/li>\n<li>Opera<\/li>\n<li>Microsoft Windows Explorer<\/li>\n<\/ul>\n<\/div>\n<\/div>\n<div class=\"et_pb_module et_pb_text et_pb_text_2  et_pb_text_align_left et_pb_bg_layout_light\">\n<div class=\"et_pb_text_inner\">\n<h4>User rights<\/h4>\n<h5>1. Right of confirmation<\/h5>\n<p>As a user you may contact us to get confirmation as to whether or not we are processing your personal data.<\/p>\n<h5>2. Right to access<\/h5>\n<p>As a user you may contact us to obtain information about storing your personal data stored at any time and a copy of this information.<\/p>\n<h5>3. Right to rectification<\/h5>\n<p>As a user you have the right to rectify incomplete or inaccurate information we store about you.<\/p>\n<h5>4. Right to erasure<\/h5>\n<p>As a user you have the right to obtain the erasure of personal data we store about you without undue delay.<\/p>\n<p>We may not immediately be able to erase all residual copies from our servers and backup systems after the active data have been erased.<\/p>\n<p>Such copies shall be erased as soon as reasonably possible.<\/p>\n<h5>5. Right to restriction of processing<\/h5>\n<p>As a user you have the right to obtain from us a restriction of processing of your personal data, as foreseen by applicable data protection law.<\/p>\n<h5>6. Right to data portability<\/h5>\n<p>As a user you have the right to receive your personal data from us in a structured, commonly used and machine-readable format and to independently transmit that data to a third party, in case our processing is based on your consent and carried out by automated means.<\/p>\n<h5>7. Right to object<\/h5>\n<p>In case our processing is based on our legitimate interest to run, maintain and develop our business, as a user you have the right to object at any time to our processing.<\/p>\n<h5>8. Right to withdraw consent<\/h5>\n<p>In case our processing is based on your consent as a user you may withdraw consent at any time by contacting us at<span>\u00a0<\/span><u>privacy[at]tocndix.com<\/u><\/p>\n<h5><strong><\/strong><\/h5>\n<h5><strong><\/strong><\/h5>\n<h5><strong>How to use these rights<\/strong><\/h5>\n<p>To use any of the above-mentioned rights, you may email us at<span>\u00a0<\/span><u>privacy[at]tocndix.com<\/u>, including the following information: your name and email address. We may request additional information necessary to confirm your identity. We may reject requests that are unreasonably repetitive, excessive or manifestly unfounded.<\/p>\n<h5><strong>Data security<\/strong><\/h5>\n<p>Data security is very important for us, that\u2019s why we use processes, methods and administrative measure to ensure that all data that we collect or process is safely guarded. However, we would like to point out that data transmissions via internet (e.g. email communication) cannot be entirely secure and may have security vulnerabilities. A complete protection of personal details against unauthorised access by third parties is not possible.<\/p>\n<h5><strong>Data protection provisions about social media widgets<\/strong><\/h5>\n<p>On this website, the controller has integrated components of social media features, such as the Facebook button, Twitter button, Linkedin button, Instagram button and Youtube button that run on our site. These features may collect your IP address, which page you are visiting on our site, and may set a cookie to enable the feature to function properly. Social media features and widgets are either hosted by a third party or hosted directly on our website. Your interactions with these features are governed by the privacy policy of the company providing it.<\/p>\n<h5><strong>Links to Other Web Sites<\/strong><\/h5>\n<p>We are not responsible for the practices employed by websites or services linked to or from Tocndix, including the information or content contained therein. Please remember that when you use a link to go from the Tocndix sites to another website or service, our Privacy Policy does not apply to third-party websites or services. Your browsing and interaction on any third-party website or service, including those that have a link or advertisement on our website, are subject to that third party\u2019s own rules and policies.<strong><\/strong><\/p>\n<h5><strong>Children\u2019s Online Privacy Protection Act Compliance<\/strong><\/h5>\n<p>We are in compliance with the requirements of COPPA (Childrens Online Privacy Protection Act) and do not knowingly collect any information from anyone under 16 years of age. Our website, products, and services are all directed to people who are at least 16 years old or older.<\/p>\n<h5><strong>Changes to our privacy policy<\/strong><\/h5>\n<p>We may correct this policy from time to time due to the changes in the legislation. Please be sure to keep track of the changes and refer to this policy regularly. If you use this or any other our website after the changes have been made this shall mean that you accept the changes.<span><\/span><\/p>\n<h5><strong>Contact<\/strong><\/h5>\n<p>All data is processed and controlled by Tocndix. If you have questions about how your information is being processed please contact us at<span>\u00a0<\/span><u>privacy[at]tocndix.com<\/u><\/p>\n<h5><strong>Consent<\/strong><\/h5>\n<p>By using our website, you hereby consent to our Privacy Policy.<\/p>\n<\/div>\n<\/div>\n<nav class=\"dsm-menu-container\">\n<ul id=\"menu-menu-2023-mobile-en-1\" class=\"dsm-menu dsm-menu-style-type-none dsm-menu-layout-vertical dsm-menu-submenu-collapse\"><\/ul>\n<\/nav>\n<p>[\/et_pb_text][\/et_pb_column][\/et_pb_row][\/et_pb_section]<\/p>\n","protected":false},"excerpt":{"rendered":"<p>Privacy policy Tocndix has set up this Privacy Policy to outline our policies and procedures of the collection, use, and disclosure of website visitor information. Please read the following statement to know more about our Privacy Policy, and the way we treat the information collected from our visitors and users. The confidentiality and privacy of [&hellip;]<\/p>\n","protected":false},"author":1,"featured_media":0,"parent":0,"menu_order":0,"comment_status":"closed","ping_status":"closed","template":"","meta":{"_et_pb_use_builder":"on","_et_pb_old_content":"<!-- wp:heading --><h2>Qui sommes-nous\u00a0?<\/h2><!-- \/wp:heading --><!-- wp:paragraph --><p><strong class=\"privacy-policy-tutorial\">Texte sugg\u00e9r\u00e9\u00a0: <\/strong>L\u2019adresse de notre site est\u00a0: https:\/\/www.thetracker.me.<\/p><!-- \/wp:paragraph --><!-- wp:heading --><h2>Commentaires<\/h2><!-- \/wp:heading --><!-- wp:paragraph --><p><strong class=\"privacy-policy-tutorial\">Texte sugg\u00e9r\u00e9\u00a0: <\/strong>Quand vous laissez un commentaire sur notre site, les donn\u00e9es inscrites dans le formulaire de commentaire, ainsi que votre adresse IP et l\u2019agent utilisateur de votre navigateur sont collect\u00e9s pour nous aider \u00e0 la d\u00e9tection des commentaires ind\u00e9sirables.<\/p><!-- \/wp:paragraph --><!-- wp:paragraph --><p>Une cha\u00eene anonymis\u00e9e cr\u00e9\u00e9e \u00e0 partir de votre adresse e-mail (\u00e9galement appel\u00e9e hash) peut \u00eatre envoy\u00e9e au service Gravatar pour v\u00e9rifier si vous utilisez ce dernier. Les clauses de confidentialit\u00e9 du service Gravatar sont disponibles ici\u00a0: https:\/\/automattic.com\/privacy\/. Apr\u00e8s validation de votre commentaire, votre photo de profil sera visible publiquement \u00e0 cot\u00e9 de votre commentaire.<\/p><!-- \/wp:paragraph --><!-- wp:heading --><h2>M\u00e9dias<\/h2><!-- \/wp:heading --><!-- wp:paragraph --><p><strong class=\"privacy-policy-tutorial\">Texte sugg\u00e9r\u00e9\u00a0: <\/strong>Si vous t\u00e9l\u00e9versez des images sur le site, nous vous conseillons d\u2019\u00e9viter de t\u00e9l\u00e9verser des images contenant des donn\u00e9es EXIF de coordonn\u00e9es GPS. Les personnes visitant votre site peuvent t\u00e9l\u00e9charger et extraire des donn\u00e9es de localisation depuis ces images.<\/p><!-- \/wp:paragraph --><!-- wp:heading --><h2>Cookies<\/h2><!-- \/wp:heading --><!-- wp:paragraph --><p><strong class=\"privacy-policy-tutorial\">Texte sugg\u00e9r\u00e9\u00a0: <\/strong>Si vous d\u00e9posez un commentaire sur notre site, il vous sera propos\u00e9 d\u2019enregistrer votre nom, adresse e-mail et site dans des cookies. C\u2019est uniquement pour votre confort afin de ne pas avoir \u00e0 saisir ces informations si vous d\u00e9posez un autre commentaire plus tard. Ces cookies expirent au bout d\u2019un an.<\/p><!-- \/wp:paragraph --><!-- wp:paragraph --><p>Si vous vous rendez sur la page de connexion, un cookie temporaire sera cr\u00e9\u00e9 afin de d\u00e9terminer si votre navigateur accepte les cookies. Il ne contient pas de donn\u00e9es personnelles et sera supprim\u00e9 automatiquement \u00e0 la fermeture de votre navigateur.<\/p><!-- \/wp:paragraph --><!-- wp:paragraph --><p>Lorsque vous vous connecterez, nous mettrons en place un certain nombre de cookies pour enregistrer vos informations de connexion et vos pr\u00e9f\u00e9rences d\u2019\u00e9cran. La dur\u00e9e de vie d\u2019un cookie de connexion est de deux jours, celle d\u2019un cookie d\u2019option d\u2019\u00e9cran est d\u2019un an. Si vous cochez \u00ab\u00a0Se souvenir de moi\u00a0\u00bb, votre cookie de connexion sera conserv\u00e9 pendant deux semaines. Si vous vous d\u00e9connectez de votre compte, le cookie de connexion sera effac\u00e9.<\/p><!-- \/wp:paragraph --><!-- wp:paragraph --><p>En modifiant ou en publiant une publication, un cookie suppl\u00e9mentaire sera enregistr\u00e9 dans votre navigateur. Ce cookie ne comprend aucune donn\u00e9e personnelle. Il indique simplement l\u2019ID de la publication que vous venez de modifier. Il expire au bout d\u2019un jour.<\/p><!-- \/wp:paragraph --><!-- wp:heading --><h2>Contenu embarqu\u00e9 depuis d\u2019autres sites<\/h2><!-- \/wp:heading --><!-- wp:paragraph --><p><strong class=\"privacy-policy-tutorial\">Texte sugg\u00e9r\u00e9\u00a0: <\/strong>Les articles de ce site peuvent inclure des contenus int\u00e9gr\u00e9s (par exemple des vid\u00e9os, images, articles\u2026). Le contenu int\u00e9gr\u00e9 depuis d\u2019autres sites se comporte de la m\u00eame mani\u00e8re que si le visiteur se rendait sur cet autre site.<\/p><!-- \/wp:paragraph --><!-- wp:paragraph --><p>Ces sites web pourraient collecter des donn\u00e9es sur vous, utiliser des cookies, embarquer des outils de suivis tiers, suivre vos interactions avec ces contenus embarqu\u00e9s si vous disposez d\u2019un compte connect\u00e9 sur leur site web.<\/p><!-- \/wp:paragraph --><!-- wp:heading --><h2>Utilisation et transmission de vos donn\u00e9es personnelles<\/h2><!-- \/wp:heading --><!-- wp:paragraph --><p><strong class=\"privacy-policy-tutorial\">Texte sugg\u00e9r\u00e9\u00a0: <\/strong>Si vous demandez une r\u00e9initialisation de votre mot de passe, votre adresse IP sera incluse dans l\u2019e-mail de r\u00e9initialisation.<\/p><!-- \/wp:paragraph --><!-- wp:heading --><h2>Dur\u00e9es de stockage de vos donn\u00e9es<\/h2><!-- \/wp:heading --><!-- wp:paragraph --><p><strong class=\"privacy-policy-tutorial\">Texte sugg\u00e9r\u00e9\u00a0: <\/strong>Si vous laissez un commentaire, le commentaire et ses m\u00e9tadonn\u00e9es sont conserv\u00e9s ind\u00e9finiment. Cela permet de reconna\u00eetre et approuver automatiquement les commentaires suivants au lieu de les laisser dans la file de mod\u00e9ration.<\/p><!-- \/wp:paragraph --><!-- wp:paragraph --><p>Pour les comptes qui s\u2019inscrivent sur notre site (le cas \u00e9ch\u00e9ant), nous stockons \u00e9galement les donn\u00e9es personnelles indiqu\u00e9es dans leur profil. Tous les comptes peuvent voir, modifier ou supprimer leurs informations personnelles \u00e0 tout moment (\u00e0 l\u2019exception de leur identifiant). Les gestionnaires du site peuvent aussi voir et modifier ces informations.<\/p><!-- \/wp:paragraph --><!-- wp:heading --><h2>Les droits que vous avez sur vos donn\u00e9es<\/h2><!-- \/wp:heading --><!-- wp:paragraph --><p><strong class=\"privacy-policy-tutorial\">Texte sugg\u00e9r\u00e9\u00a0: <\/strong>Si vous avez un compte ou si vous avez laiss\u00e9 des commentaires sur le site, vous pouvez demander \u00e0 recevoir un fichier contenant toutes les donn\u00e9es personnelles que nous poss\u00e9dons \u00e0 votre sujet, incluant celles que vous nous avez fournies. Vous pouvez \u00e9galement demander la suppression des donn\u00e9es personnelles vous concernant. Cela ne prend pas en compte les donn\u00e9es stock\u00e9es \u00e0 des fins administratives, l\u00e9gales ou pour des raisons de s\u00e9curit\u00e9.<\/p><!-- \/wp:paragraph --><!-- wp:heading --><h2>O\u00f9 vos donn\u00e9es sont envoy\u00e9es<\/h2><!-- \/wp:heading --><!-- wp:paragraph --><p><strong class=\"privacy-policy-tutorial\">Texte sugg\u00e9r\u00e9\u00a0: <\/strong>Les commentaires des visiteurs peuvent \u00eatre v\u00e9rifi\u00e9s \u00e0 l\u2019aide d\u2019un service automatis\u00e9 de d\u00e9tection des commentaires ind\u00e9sirables.<\/p><!-- \/wp:paragraph -->","_et_gb_content_width":"","footnotes":""},"class_list":["post-3","page","type-page","status-publish","hentry"],"_links":{"self":[{"href":"https:\/\/www.thetracker.me\/index.php?rest_route=\/wp\/v2\/pages\/3","targetHints":{"allow":["GET"]}}],"collection":[{"href":"https:\/\/www.thetracker.me\/index.php?rest_route=\/wp\/v2\/pages"}],"about":[{"href":"https:\/\/www.thetracker.me\/index.php?rest_route=\/wp\/v2\/types\/page"}],"author":[{"embeddable":true,"href":"https:\/\/www.thetracker.me\/index.php?rest_route=\/wp\/v2\/users\/1"}],"replies":[{"embeddable":true,"href":"https:\/\/www.thetracker.me\/index.php?rest_route=%2Fwp%2Fv2%2Fcomments&post=3"}],"version-history":[{"count":6,"href":"https:\/\/www.thetracker.me\/index.php?rest_route=\/wp\/v2\/pages\/3\/revisions"}],"predecessor-version":[{"id":226,"href":"https:\/\/www.thetracker.me\/index.php?rest_route=\/wp\/v2\/pages\/3\/revisions\/226"}],"wp:attachment":[{"href":"https:\/\/www.thetracker.me\/index.php?rest_route=%2Fwp%2Fv2%2Fmedia&parent=3"}],"curies":[{"name":"wp","href":"https:\/\/api.w.org\/{rel}","templated":true}]}}